{"id":75,"date":"2020-03-27T17:14:48","date_gmt":"2020-03-27T17:14:48","guid":{"rendered":"http:\/\/dev.claudiaraith.com\/?page_id=75"},"modified":"2022-09-20T16:29:03","modified_gmt":"2022-09-20T16:29:03","slug":"preise","status":"publish","type":"page","link":"https:\/\/claudiaraith.com\/?page_id=75","title":{"rendered":"Konditionen"},"content":{"rendered":"\n<h3>\u00dcberraschen Sie Gesch\u00e4ftspartner, Freunde und Ihre Lieben mit einem Gutschein<\/h3>\n\n\n\n<p>Schenken Sie einen Gutschein f\u00fcr eine der angebotenen Touren oder fragen Sie nach einer individuellen F\u00fchrung. Sie erhalten eine repr\u00e4sentative Gutscheinkarte per Post zugeschickt. Der Gutschein ist 2 Jahre g\u00fcltig.<\/p>\n\n\n\n<figure class=\"wp-block-image size-large is-resized\"><img decoding=\"async\" loading=\"lazy\" src=\"http:\/\/dev.claudiaraith.com\/wp-content\/uploads\/2020\/03\/Claudia-Raith_Gutschein.jpg\" alt=\"\" class=\"wp-image-110\" width=\"625\" height=\"294\" srcset=\"https:\/\/claudiaraith.com\/wp-content\/uploads\/2020\/03\/Claudia-Raith_Gutschein.jpg 950w, https:\/\/claudiaraith.com\/wp-content\/uploads\/2020\/03\/Claudia-Raith_Gutschein-300x141.jpg 300w, https:\/\/claudiaraith.com\/wp-content\/uploads\/2020\/03\/Claudia-Raith_Gutschein-768x362.jpg 768w\" sizes=\"(max-width: 625px) 100vw, 625px\" \/><figcaption><strong>Buchung: Bitte senden Sie mir eine <a href=\"mailto:kontakt@claudiaraith.com\">E-Mail<\/a> mit der gew\u00fcnschten F\u00fchrung und dem Gutschein-Betrag.<\/strong><\/figcaption><\/figure>\n\n\n\n<p><\/p>\n\n\n\n<h3><strong>Preise und Konditionen<\/strong><\/h3>\n\n\n\n<p>Gerne k\u00f6nnen Sie die akutellen Preise per <a href=\"mailto:kontakt@claudiaraith.com\">E-Mail <\/a>bei mir anfragen.<\/p>\n\n\n\n<p>F\u00fchrungen und Rundg\u00e4nge in Gruppen bis zu 25 Personen, ohne Eintritte. Rundfahrten ohne Buskosten.<\/p>\n\n\n\n<p>Steht Ihrer Gruppe kein Fahrzeug zu Verf\u00fcgung, vermittle ich Ihnen gerne zu den Stadt- und Ausflugsfahrten Bussunternehmen. Die Kosten richten sich nach der Gr\u00f6\u00dfe des Busses, der Einsatzzeit, der Einsatzdauer und der Zahl der gefahrenen Kilometer.<\/p>\n\n\n\n<p>Ein Flughafen-Transfer wird wie eine 3-st\u00fcndige Stadtrundfahrt abgerechnet, zuz\u00fcglich der Fahrtkosten, Zusatzstunden werden nach Tarif berechnet.<\/p>\n\n\n\n<p>Im Honorar ist keine MwSt. enthalten. Als G\u00e4stef\u00fchrerin bin ich Kleinunternehmerin und daher von der Mehrwertsteuer befreit.<\/p>\n\n\n\n<p>Sie k\u00f6nnen das Honorar direkt am Treffpunkt in bar bezahlen oder vorab \u00fcberweisen. Bitte \u00fcberweisen Sie den Betrag bis 6 Tage vor dem vereinbarten Termin. Eventuell anfallende Eintrittsgelder bezahlen Sie bitte direkt vor Ort.<\/p>\n\n\n\n<p><strong>Stornierung<\/strong><\/p>\n\n\n\n<p>48h &#8211; 24h vorher: 50% des Honorars; sp\u00e4ter als 24h: volles Honorar\u2028<\/p>\n\n\n\n<p><strong>Versp\u00e4tungen<\/strong><\/p>\n\n\n\n<p>nach einer Wartezeit von 1\/2 Stunde verl\u00e4sst die G\u00e4stef\u00fchrerin den Treffpunkt und stellt das Honorar in Rechnung.<\/p>\n","protected":false},"excerpt":{"rendered":"<p>\u00dcberraschen Sie Gesch\u00e4ftspartner, Freunde und Ihre Lieben mit einem Gutschein Schenken Sie einen Gutschein f\u00fcr&#8230;<\/p>\n<div class=\"more-link-wrapper\"><a class=\"more-link\" href=\"https:\/\/claudiaraith.com\/?page_id=75\">Beitrag lesen<span class=\"screen-reader-text\">Konditionen<\/span><\/a><\/div>\n","protected":false},"author":1,"featured_media":91,"parent":0,"menu_order":0,"comment_status":"closed","ping_status":"closed","template":"","meta":[],"_links":{"self":[{"href":"https:\/\/claudiaraith.com\/index.php?rest_route=\/wp\/v2\/pages\/75"}],"collection":[{"href":"https:\/\/claudiaraith.com\/index.php?rest_route=\/wp\/v2\/pages"}],"about":[{"href":"https:\/\/claudiaraith.com\/index.php?rest_route=\/wp\/v2\/types\/page"}],"author":[{"embeddable":true,"href":"https:\/\/claudiaraith.com\/index.php?rest_route=\/wp\/v2\/users\/1"}],"replies":[{"embeddable":true,"href":"https:\/\/claudiaraith.com\/index.php?rest_route=%2Fwp%2Fv2%2Fcomments&post=75"}],"version-history":[{"count":10,"href":"https:\/\/claudiaraith.com\/index.php?rest_route=\/wp\/v2\/pages\/75\/revisions"}],"predecessor-version":[{"id":501,"href":"https:\/\/claudiaraith.com\/index.php?rest_route=\/wp\/v2\/pages\/75\/revisions\/501"}],"wp:featuredmedia":[{"embeddable":true,"href":"https:\/\/claudiaraith.com\/index.php?rest_route=\/wp\/v2\/media\/91"}],"wp:attachment":[{"href":"https:\/\/claudiaraith.com\/index.php?rest_route=%2Fwp%2Fv2%2Fmedia&parent=75"}],"curies":[{"name":"wp","href":"https:\/\/api.w.org\/{rel}","templated":true}]}}