{"id":71,"date":"2020-03-27T17:08:49","date_gmt":"2020-03-27T17:08:49","guid":{"rendered":"http:\/\/dev.claudiaraith.com\/?page_id=71"},"modified":"2022-11-17T11:17:39","modified_gmt":"2022-11-17T11:17:39","slug":"agb","status":"publish","type":"page","link":"https:\/\/claudiaraith.com\/?page_id=71","title":{"rendered":"AGB"},"content":{"rendered":"\n<h3><strong>Allgemeine Gesch\u00e4ftsbedingungen und Berufshaftpflichtversicherung (AGBs)<\/strong><\/h3>\n\n\n\n<p><\/p>\n\n\n\n<h4>Buchung und Vertragsabschluss<\/h4>\n\n\n\n<p>Sie erhalten ein Angebot f\u00fcr G\u00e4stef\u00fchrungen je nach gew\u00fcnschten Leistungen.\u2028<\/p>\n\n\n\n<p>Die Buchung f\u00fcr die G\u00e4stef\u00fchrungen muss schriftlich (z.B. per E-mail) erfolgen und wird verbindlich, sobald die bestellte Leistung schriftlich, per E-Mail oder Fax best\u00e4tigt wird. Durch die Buchung erkl\u00e4rt sich der Auftraggeber mit den Allgemeinen Gesch\u00e4ftsbedingungen einverstanden. M\u00fcndliche Absprachen bed\u00fcrfen der Best\u00e4tigung in Schriftform.<\/p>\n\n\n\n<p>Die Gruppengr\u00f6\u00dfe bei Stadtrundg\u00e4ngen betr\u00e4gt maximal 25 Teilnehmer. Die Gruppengr\u00f6\u00dfe bei Museumsf\u00fchrungen betr\u00e4gt maximal 20 Teilnehmer. Eintrittsgelder sind nicht im Honorar enthalten.<\/p>\n\n\n\n<p>Bei Auftragsstornierungen zwischen 48 Stunden und 24 Stunden vor dem vereinbarten Termin wird ein Ausfallhonorar von 50 % berechnet.<\/p>\n\n\n\n<p>Bei Auftragsstornierungen von weniger als 24 Stunden vor dem vereinbarten Termin wird das volle vereinbarte Honorar in Rechnung gestellt.<\/p>\n\n\n\n<p>Bei Versp\u00e4tung der Gruppe wartet die G\u00e4stef\u00fchrerin 30 Minuten am vereinbarten Treffpunkt. Sollten die Teilnehmer zum vereinbarten Termin nicht erscheinen, wird das vereinbarte Honorar berechnet.<\/p>\n\n\n\n<p>Die F\u00fchrungen finden bei jedem Wetter statt. Gegebenenfalls kann nach individueller Absprache ein Schlechtwetterprogramm als Alternative vereinbart werden.<\/p>\n\n\n\n<p>Bild- und Tonaufnahmen w\u00e4hrend der F\u00fchrung sind nicht gestattet.<\/p>\n\n\n\n<p>Die Teilnahme an F\u00fchrungen erfolgt auf eigene Gefahr und eigenes Risiko. Die G\u00e4stef\u00fchrerin ist von jeglicher Haftung freigestellt.<\/p>\n\n\n\n<p>Ihre G\u00e4stef\u00fchrerin ist gesch\u00fctzt durch eine Berufshaftpflichtversicherung und Verm\u00f6gens- schadenversicherung durch den Bundesverband der G\u00e4stef\u00fchrer in Deutschland BVGD. Die Berufshaftpflichtversicherung wurde abgeschlossen bei der Generali Versicherung AG, 81731 M\u00fcnchen. Ausf\u00fchrliche Informationen zur Berufshaftpflichtversicherung finden Sie unter&nbsp;<a href=\"http:\/\/www.bvgd.org\/\">www.bvgd.org<\/a>.<\/p>\n","protected":false},"excerpt":{"rendered":"<p>Allgemeine Gesch\u00e4ftsbedingungen und Berufshaftpflichtversicherung (AGBs) Buchung und Vertragsabschluss Sie erhalten ein Angebot f\u00fcr G\u00e4stef\u00fchrungen je&#8230;<\/p>\n<div class=\"more-link-wrapper\"><a class=\"more-link\" href=\"https:\/\/claudiaraith.com\/?page_id=71\">Beitrag lesen<span class=\"screen-reader-text\">AGB<\/span><\/a><\/div>\n","protected":false},"author":1,"featured_media":79,"parent":0,"menu_order":0,"comment_status":"closed","ping_status":"closed","template":"","meta":[],"_links":{"self":[{"href":"https:\/\/claudiaraith.com\/index.php?rest_route=\/wp\/v2\/pages\/71"}],"collection":[{"href":"https:\/\/claudiaraith.com\/index.php?rest_route=\/wp\/v2\/pages"}],"about":[{"href":"https:\/\/claudiaraith.com\/index.php?rest_route=\/wp\/v2\/types\/page"}],"author":[{"embeddable":true,"href":"https:\/\/claudiaraith.com\/index.php?rest_route=\/wp\/v2\/users\/1"}],"replies":[{"embeddable":true,"href":"https:\/\/claudiaraith.com\/index.php?rest_route=%2Fwp%2Fv2%2Fcomments&post=71"}],"version-history":[{"count":5,"href":"https:\/\/claudiaraith.com\/index.php?rest_route=\/wp\/v2\/pages\/71\/revisions"}],"predecessor-version":[{"id":517,"href":"https:\/\/claudiaraith.com\/index.php?rest_route=\/wp\/v2\/pages\/71\/revisions\/517"}],"wp:featuredmedia":[{"embeddable":true,"href":"https:\/\/claudiaraith.com\/index.php?rest_route=\/wp\/v2\/media\/79"}],"wp:attachment":[{"href":"https:\/\/claudiaraith.com\/index.php?rest_route=%2Fwp%2Fv2%2Fmedia&parent=71"}],"curies":[{"name":"wp","href":"https:\/\/api.w.org\/{rel}","templated":true}]}}