{"id":342,"date":"2020-05-15T17:25:51","date_gmt":"2020-05-15T17:25:51","guid":{"rendered":"http:\/\/dev.claudiaraith.com\/?page_id=342"},"modified":"2022-11-09T16:42:22","modified_gmt":"2022-11-09T16:42:22","slug":"willkommen-in-meiner-stadt","status":"publish","type":"page","link":"https:\/\/claudiaraith.com\/","title":{"rendered":"Willkommen in meiner Stadt"},"content":{"rendered":"\n<p>Liebe Freunde der Stadt &#8211;<br>und solche, die es gerne werden m\u00f6chten.<\/p>\n\n\n\n<p>Entdecken Sie mit mir M\u00fcnchen mit all seinen Facetten von der Stadtgr\u00fcndung bis heute und erfahren Sie viel Interessantes und Kurioses \u00fcber die Stadt, ihre Geschichte und ihre Menschen.<\/p>\n\n\n\n<p>Als offizielle G\u00e4stef\u00fchrerin der Landeshauptstadt M\u00fcnchen und M\u00fcnchnerin mit Leib und Seele, ist es mir eine gro\u00dfe Freude, Ihnen auf sachkundige und unterhaltsame Weise die <a href=\"https:\/\/claudiaraith.com\/?p=1\">mittelalterliche Stadt<\/a> n\u00e4herzubringen, mit Ihnen durch die sch\u00f6nsten <a href=\"https:\/\/claudiaraith.com\/?p=348\">Stadtviertel<\/a> zu streifen, Sie bei bei einer <a href=\"https:\/\/claudiaraith.com\/?p=352\">Stadtrundfahrt <\/a>auf kurf\u00fcrstliche und k\u00f6nigliche Spurensuche mitzunehmen oder ganz auf Ihre W\u00fcnsche abgestimmte Rundg\u00e4nge mit Ihnen zu unternehmen.<\/p>\n\n\n\n<p>Als staatlich zertifizierte G\u00e4stef\u00fchrerin &#8222;Gartenerlebnis Bayern&#8220; sind mir <a href=\"https:\/\/claudiaraith.com\/?p=392\">Parkf\u00fchrungen<\/a> ein besonderes Anliegen.<\/p>\n\n\n\n<p>Ich freue mich auf Sie!<br>Ihre Claudia Raith<br><\/p>\n\n\n\n<p><strong>Kontakt:<\/strong><br>Telefon: +49 163 2577571<br>E-Mail: <a href=\"mailto:kontakt@claudiaraith.com\">kontakt@claudiaraith.com<\/a><\/p>\n\n\n\n<figure class=\"wp-block-image size-large\"><img decoding=\"async\" loading=\"lazy\" width=\"950\" height=\"636\" src=\"http:\/\/dev.claudiaraith.com\/wp-content\/uploads\/2020\/03\/claudia_raith.jpg\" alt=\"\" class=\"wp-image-93\" srcset=\"https:\/\/claudiaraith.com\/wp-content\/uploads\/2020\/03\/claudia_raith.jpg 950w, https:\/\/claudiaraith.com\/wp-content\/uploads\/2020\/03\/claudia_raith-300x201.jpg 300w, https:\/\/claudiaraith.com\/wp-content\/uploads\/2020\/03\/claudia_raith-768x514.jpg 768w\" sizes=\"(max-width: 950px) 100vw, 950px\" \/><\/figure>\n","protected":false},"excerpt":{"rendered":"<p>Liebe Freunde der Stadt &#8211;und solche, die es gerne werden m\u00f6chten. Entdecken Sie mit mir&#8230;<\/p>\n<div class=\"more-link-wrapper\"><a class=\"more-link\" href=\"https:\/\/claudiaraith.com\/\">Beitrag lesen<span class=\"screen-reader-text\">Willkommen in meiner Stadt<\/span><\/a><\/div>\n","protected":false},"author":3,"featured_media":0,"parent":0,"menu_order":0,"comment_status":"closed","ping_status":"closed","template":"","meta":[],"_links":{"self":[{"href":"https:\/\/claudiaraith.com\/index.php?rest_route=\/wp\/v2\/pages\/342"}],"collection":[{"href":"https:\/\/claudiaraith.com\/index.php?rest_route=\/wp\/v2\/pages"}],"about":[{"href":"https:\/\/claudiaraith.com\/index.php?rest_route=\/wp\/v2\/types\/page"}],"author":[{"embeddable":true,"href":"https:\/\/claudiaraith.com\/index.php?rest_route=\/wp\/v2\/users\/3"}],"replies":[{"embeddable":true,"href":"https:\/\/claudiaraith.com\/index.php?rest_route=%2Fwp%2Fv2%2Fcomments&post=342"}],"version-history":[{"count":16,"href":"https:\/\/claudiaraith.com\/index.php?rest_route=\/wp\/v2\/pages\/342\/revisions"}],"predecessor-version":[{"id":512,"href":"https:\/\/claudiaraith.com\/index.php?rest_route=\/wp\/v2\/pages\/342\/revisions\/512"}],"wp:attachment":[{"href":"https:\/\/claudiaraith.com\/index.php?rest_route=%2Fwp%2Fv2%2Fmedia&parent=342"}],"curies":[{"name":"wp","href":"https:\/\/api.w.org\/{rel}","templated":true}]}}